{"id":28,"date":"2015-11-24T14:10:33","date_gmt":"2015-11-24T14:10:33","guid":{"rendered":"http:\/\/xn--patchdesignkrner-ywb.de\/?page_id=28"},"modified":"2021-11-29T11:53:08","modified_gmt":"2021-11-29T10:53:08","slug":"mein-geschaeft","status":"publish","type":"page","link":"http:\/\/xn--patchdesignkrner-ywb.de\/?page_id=28","title":{"rendered":"Mein Gesch\u00e4ft"},"content":{"rendered":"<p style=\"text-align: left;\"><a href=\"http:\/\/xn--patchdesignkrner-ywb.de\/wp-content\/uploads\/2015\/11\/patch034.jpg\" target=\"_blank\" rel=\"noopener\"><img loading=\"lazy\" class=\"wp-image-41 size-medium alignright\" src=\"http:\/\/xn--patchdesignkrner-ywb.de\/wp-content\/uploads\/2015\/11\/patch034-300x200.jpg\" alt=\"patch034\" width=\"300\" height=\"200\" srcset=\"http:\/\/xn--patchdesignkrner-ywb.de\/wp-content\/uploads\/2015\/11\/patch034-300x200.jpg 300w, http:\/\/xn--patchdesignkrner-ywb.de\/wp-content\/uploads\/2015\/11\/patch034-1024x683.jpg 1024w, http:\/\/xn--patchdesignkrner-ywb.de\/wp-content\/uploads\/2015\/11\/patch034-450x300.jpg 450w, http:\/\/xn--patchdesignkrner-ywb.de\/wp-content\/uploads\/2015\/11\/patch034.jpg 1204w\" sizes=\"(max-width: 300px) 100vw, 300px\" \/><\/a>Ich biete in meinem Gesch\u00e4ft eine gut sortierte Auswahl hochwertiger Baumwollstoffe und N\u00e4hzubeh\u00f6r an.<\/p>\n<p style=\"text-align: left;\">Neben wunderbar bunten Stoffen und Dekoration, die nach Saison variiert, biete ich auch Bilder von Ines Schmied an, \u00a0die auch nach individuellen W\u00fcnschen arbeitet.<\/p>\n<p style=\"text-align: left;\">In meinem geschmackvoll eingerichteten Wohn- und Arbeitsbereich kann man in freundlicher, privater Atmosph\u00e4re in aller Ruhe ausw\u00e4hlen, sich Ideen holen und beraten lassen.<\/p>\n<p style=\"text-align: left;\"><a href=\"http:\/\/xn--patchdesignkrner-ywb.de\/wp-content\/uploads\/2015\/11\/l000.jpg\" target=\"_blank\" rel=\"noopener\"><img loading=\"lazy\" class=\"wp-image-158 alignleft\" src=\"http:\/\/xn--patchdesignkrner-ywb.de\/wp-content\/uploads\/2015\/11\/l000-300x200.jpg\" alt=\"l000\" width=\"208\" height=\"143\" \/><\/a><a href=\"http:\/\/xn--patchdesignkrner-ywb.de\/wp-content\/uploads\/2015\/11\/l002.jpg\" target=\"_blank\" rel=\"noopener\"><img loading=\"lazy\" class=\"wp-image-160 alignleft\" src=\"http:\/\/xn--patchdesignkrner-ywb.de\/wp-content\/uploads\/2015\/11\/l002-300x200.jpg\" alt=\"l002\" width=\"208\" height=\"143\" \/><\/a><\/p>\n<p style=\"text-align: left;\">\n<p style=\"text-align: left;\">\n<p style=\"text-align: left;\">\n<p style=\"text-align: left;\">\n<p style=\"text-align: left;\">Die Farb- und Gestaltungsberatung wird bei mir gro\u00df geschrieben.<\/p>\n<p style=\"text-align: left;\">Neben den regelm\u00e4\u00dfig stattfindenden Kursen bearbeite ich auf Wunsch individuelle Decken, Kissen, \u00dcberh\u00e4nge und Sets.<\/p>\n<p style=\"text-align: left;\">Folgende regelm\u00e4\u00dfige \u00d6ffnungszeiten habe ich:<\/p>\n<p style=\"text-align: left;\">Montag, Dienstag, Donnerstag und Freitag:<br \/>\n10:00 &#8211; 12:00 Uhr<br \/>\n15:00 &#8211; 17:00 Uhr<\/p>\n<p style=\"text-align: left;\">Mittwoch Ruhetag.<\/p>\n<p style=\"text-align: left;\">Gerne auch nach Vereinbarung.<\/p>\n","protected":false},"excerpt":{"rendered":"<p>Ich biete in meinem Gesch\u00e4ft eine gut sortierte Auswahl hochwertiger Baumwollstoffe und N\u00e4hzubeh\u00f6r an. Neben wunderbar bunten Stoffen und Dekoration, die nach Saison variiert, biete&#8230;<\/p>\n<div class=\"more-link-wrapper\"><a class=\"more-link\" href=\"http:\/\/xn--patchdesignkrner-ywb.de\/?page_id=28\">Lesen Sie weiter<span class=\"screen-reader-text\">Mein Gesch\u00e4ft<\/span><\/a><\/div>\n","protected":false},"author":1,"featured_media":0,"parent":0,"menu_order":0,"comment_status":"closed","ping_status":"closed","template":"","meta":[],"_links":{"self":[{"href":"http:\/\/xn--patchdesignkrner-ywb.de\/index.php?rest_route=\/wp\/v2\/pages\/28"}],"collection":[{"href":"http:\/\/xn--patchdesignkrner-ywb.de\/index.php?rest_route=\/wp\/v2\/pages"}],"about":[{"href":"http:\/\/xn--patchdesignkrner-ywb.de\/index.php?rest_route=\/wp\/v2\/types\/page"}],"author":[{"embeddable":true,"href":"http:\/\/xn--patchdesignkrner-ywb.de\/index.php?rest_route=\/wp\/v2\/users\/1"}],"replies":[{"embeddable":true,"href":"http:\/\/xn--patchdesignkrner-ywb.de\/index.php?rest_route=%2Fwp%2Fv2%2Fcomments&post=28"}],"version-history":[{"count":17,"href":"http:\/\/xn--patchdesignkrner-ywb.de\/index.php?rest_route=\/wp\/v2\/pages\/28\/revisions"}],"predecessor-version":[{"id":1470,"href":"http:\/\/xn--patchdesignkrner-ywb.de\/index.php?rest_route=\/wp\/v2\/pages\/28\/revisions\/1470"}],"wp:attachment":[{"href":"http:\/\/xn--patchdesignkrner-ywb.de\/index.php?rest_route=%2Fwp%2Fv2%2Fmedia&parent=28"}],"curies":[{"name":"wp","href":"https:\/\/api.w.org\/{rel}","templated":true}]}}